{"id":100,"date":"2012-05-12T18:16:41","date_gmt":"2012-05-12T16:16:41","guid":{"rendered":"http:\/\/test.farrell.se:81\/snappy\/?page_id=100"},"modified":"2023-05-23T15:14:11","modified_gmt":"2023-05-23T13:14:11","slug":"geal-teak-cleaner","status":"publish","type":"page","link":"http:\/\/snappyboatcare.com\/sv\/snappy-teak-care\/geal-teak-cleaner\/","title":{"rendered":"Gel Teak Cleaner"},"content":{"rendered":"<p><\/p>\n<p><img decoding=\"async\" loading=\"lazy\" src=\"http:\/\/www.snappyboatcare.com\/wp-content\/uploads\/2012\/07\/gelteakcleaner.png\" alt=\"Snappy Gel Teak Cleaner\" title=\"gelteakcleaner\" width=\"94\" height=\"160\" class=\"alignnone size-full wp-image-410\" \/>\n<\/p>\n<h6>Snappy Gel Teak Cleaner &#8211; F\u00f6r Snappy Sealer<\/h6>\n<p>\nSnappy Gel Teak Cleaner har en speciell formula f\u00f6r reng\u00f6ring av ytor som tidigare behandlats med Snappy Sealer. Denna milda reng\u00f6ringsprodukt g\u00f6r inte bara rent sealerns yta, men tar \u00e4ven bort oxiderad sealer som ett f\u00f6rberedande steg till en ny behandling med Snappy Sealer. Det \u00e4r v\u00e4rt att notera att n\u00e4r den oxiderade sealern tagits bort kommer ytan att se oj\u00e4mn ut. Detta \u00e4r helt normalt och efter applicerande av ett nytt lager Snappy Sealer blir ytan lika vacker som innan.<\/p>\n<p>Denna reng\u00f6ringsprocess b\u00f6r g\u00f6ras en g\u00e5ng om \u00e5ret eller innan teaken blir gr\u00e5. Om teaken hinner bli gr\u00e5 m\u00e5ste en behandling med Snappy Teak-Nu g\u00f6ras innan Snappy Sealer kan appliceras.<\/p>\n<p>Snappy Gel Cleaner kan med f\u00f6rdel anv\u00e4ndas p\u00e5 alla teakytor som en generell reng\u00f6rare. Eftersom Snappy Gel Cleaner \u00e4r en gel, kan den appliceras p\u00e5 vertikala ytor. <\/p>\n<\/p>\n<p><\/p>","protected":false},"excerpt":{"rendered":"<p>Snappy Gel Teak Cleaner &#8211; F\u00f6r Snappy Sealer Snappy Gel Teak Cleaner har en speciell formula f\u00f6r reng\u00f6ring av ytor som tidigare behandlats med Snappy Sealer. Denna milda reng\u00f6ringsprodukt g\u00f6r inte bara rent sealerns yta, men tar \u00e4ven bort oxiderad<span class=\"ellipsis\">&hellip;<\/span><\/p>\n<div class=\"read-more\"><a href=\"http:\/\/snappyboatcare.com\/sv\/snappy-teak-care\/geal-teak-cleaner\/\">L\u00e4s mer &#8250;<\/a><\/div>\n<p><!-- end of .read-more --><\/p>\n","protected":false},"author":1,"featured_media":0,"parent":33,"menu_order":3,"comment_status":"closed","ping_status":"closed","template":"full-width-page.php","meta":[],"_links":{"self":[{"href":"http:\/\/snappyboatcare.com\/sv\/wp-json\/wp\/v2\/pages\/100"}],"collection":[{"href":"http:\/\/snappyboatcare.com\/sv\/wp-json\/wp\/v2\/pages"}],"about":[{"href":"http:\/\/snappyboatcare.com\/sv\/wp-json\/wp\/v2\/types\/page"}],"author":[{"embeddable":true,"href":"http:\/\/snappyboatcare.com\/sv\/wp-json\/wp\/v2\/users\/1"}],"replies":[{"embeddable":true,"href":"http:\/\/snappyboatcare.com\/sv\/wp-json\/wp\/v2\/comments?post=100"}],"version-history":[{"count":26,"href":"http:\/\/snappyboatcare.com\/sv\/wp-json\/wp\/v2\/pages\/100\/revisions"}],"predecessor-version":[{"id":705,"href":"http:\/\/snappyboatcare.com\/sv\/wp-json\/wp\/v2\/pages\/100\/revisions\/705"}],"up":[{"embeddable":true,"href":"http:\/\/snappyboatcare.com\/sv\/wp-json\/wp\/v2\/pages\/33"}],"wp:attachment":[{"href":"http:\/\/snappyboatcare.com\/sv\/wp-json\/wp\/v2\/media?parent=100"}],"curies":[{"name":"wp","href":"https:\/\/api.w.org\/{rel}","templated":true}]}}