{"id":110,"date":"2012-05-12T18:24:44","date_gmt":"2012-05-12T16:24:44","guid":{"rendered":"http:\/\/test.farrell.se:81\/snappy\/?page_id=110"},"modified":"2012-05-12T18:27:40","modified_gmt":"2012-05-12T16:27:40","slug":"alu-protect","status":"publish","type":"page","link":"http:\/\/snappyboatcare.com\/sv\/snappy-teak-care\/alu-protect\/","title":{"rendered":"Alu Protect"},"content":{"rendered":"<p><img decoding=\"async\" loading=\"lazy\" src=\"http:\/\/www.snappyboatcare.com\/wp-content\/uploads\/2012\/05\/aluprotect.jpg\" alt=\"\" title=\"aluprotect\" width=\"390\" height=\"186\" class=\"alignnone size-full wp-image-109\" srcset=\"http:\/\/snappyboatcare.com\/wp-content\/uploads\/2012\/05\/aluprotect.jpg 390w, http:\/\/snappyboatcare.com\/wp-content\/uploads\/2012\/05\/aluprotect-300x143.jpg 300w\" sizes=\"(max-width: 390px) 100vw, 390px\" \/><\/p>\n<li>Skyddar aluminium och andra k\u00e4nsliga ytor mot Snappy Teak-Nus oxiderande effekt.<\/li>\n<li>Enkelt att anv\u00e4nda, appliceras med ett finger och avl\u00e4gsnas med papper.<\/li>\n<p><\/p>","protected":false},"excerpt":{"rendered":"<p>Skyddar aluminium och andra k\u00e4nsliga ytor mot Snappy Teak-Nus oxiderande effekt. Enkelt att anv\u00e4nda, appliceras med ett finger och avl\u00e4gsnas med papper.<\/p>\n","protected":false},"author":1,"featured_media":0,"parent":33,"menu_order":5,"comment_status":"closed","ping_status":"closed","template":"full-width-page.php","meta":[],"_links":{"self":[{"href":"http:\/\/snappyboatcare.com\/sv\/wp-json\/wp\/v2\/pages\/110"}],"collection":[{"href":"http:\/\/snappyboatcare.com\/sv\/wp-json\/wp\/v2\/pages"}],"about":[{"href":"http:\/\/snappyboatcare.com\/sv\/wp-json\/wp\/v2\/types\/page"}],"author":[{"embeddable":true,"href":"http:\/\/snappyboatcare.com\/sv\/wp-json\/wp\/v2\/users\/1"}],"replies":[{"embeddable":true,"href":"http:\/\/snappyboatcare.com\/sv\/wp-json\/wp\/v2\/comments?post=110"}],"version-history":[{"count":4,"href":"http:\/\/snappyboatcare.com\/sv\/wp-json\/wp\/v2\/pages\/110\/revisions"}],"predecessor-version":[{"id":115,"href":"http:\/\/snappyboatcare.com\/sv\/wp-json\/wp\/v2\/pages\/110\/revisions\/115"}],"up":[{"embeddable":true,"href":"http:\/\/snappyboatcare.com\/sv\/wp-json\/wp\/v2\/pages\/33"}],"wp:attachment":[{"href":"http:\/\/snappyboatcare.com\/sv\/wp-json\/wp\/v2\/media?parent=110"}],"curies":[{"name":"wp","href":"https:\/\/api.w.org\/{rel}","templated":true}]}}