{"id":118,"date":"2012-05-12T18:33:01","date_gmt":"2012-05-12T16:33:01","guid":{"rendered":"http:\/\/test.farrell.se:81\/snappy\/?page_id=118"},"modified":"2023-05-23T15:13:55","modified_gmt":"2023-05-23T13:13:55","slug":"premium-teak-oil","status":"publish","type":"page","link":"http:\/\/snappyboatcare.com\/sv\/snappy-teak-care\/premium-teak-oil\/","title":{"rendered":"Premium Teak Oil"},"content":{"rendered":"<p><\/p>\n<p><img decoding=\"async\" loading=\"lazy\" class=\"alignnone size-full wp-image-415\" title=\"teakoil\" src=\"http:\/\/www.snappyboatcare.com\/wp-content\/uploads\/2012\/07\/teakoil.png\" alt=\"Snappy Premium Teak Oil\" width=\"156\" height=\"299\" \/><\/p>\n<p>Snappy Premium Teak Oil \u00e4r en exklusiv teakolja fr\u00e5n tungn\u00f6tstr\u00e4det som bl a v\u00e4xer i Kina. Det \u00e4r ett alternativ till Snappy Sealer, om man \u00f6nskar en djupare, vackrare och mer naturlig f\u00e4rg p\u00e5 sitt d\u00e4ck.<\/p>\n<p>Oljan ger en varm, vacker f\u00e4rg och l\u00e5ng h\u00e5llbarhet. Endast den finaste tungn\u00f6tsoljan anv\u00e4nds och till denna tills\u00e4tts ett effektivt UV- skydd mot oxidering. D\u00e4refter underg\u00e5r den en polymeriseringsprocess vilket resulterar i en 4-6 g\u00e5nger l\u00e4ngre h\u00e5llbarhet j\u00e4mf\u00f6rt med andra teakoljor.<\/p>\n<p>Snappy Premium Teak Oil m\u00f6rknar ej och \u00e4r mycket l\u00e4tt att anv\u00e4nda. Snappy Premium Teak Oil \u00e4r \u00e4ven v\u00e4l l\u00e4mpad f\u00f6r teakm\u00f6bler!<\/p>\n<\/p>\n<p><\/p>","protected":false},"excerpt":{"rendered":"<p>Snappy Premium Teak Oil \u00e4r en exklusiv teakolja fr\u00e5n tungn\u00f6tstr\u00e4det som bl a v\u00e4xer i Kina. Det \u00e4r ett alternativ till Snappy Sealer, om man \u00f6nskar en djupare, vackrare och mer naturlig f\u00e4rg p\u00e5 sitt d\u00e4ck. Oljan ger en varm,<span class=\"ellipsis\">&hellip;<\/span><\/p>\n<div class=\"read-more\"><a href=\"http:\/\/snappyboatcare.com\/sv\/snappy-teak-care\/premium-teak-oil\/\">L\u00e4s mer &#8250;<\/a><\/div>\n<p><!-- end of .read-more --><\/p>\n","protected":false},"author":1,"featured_media":0,"parent":33,"menu_order":6,"comment_status":"closed","ping_status":"closed","template":"full-width-page.php","meta":[],"_links":{"self":[{"href":"http:\/\/snappyboatcare.com\/sv\/wp-json\/wp\/v2\/pages\/118"}],"collection":[{"href":"http:\/\/snappyboatcare.com\/sv\/wp-json\/wp\/v2\/pages"}],"about":[{"href":"http:\/\/snappyboatcare.com\/sv\/wp-json\/wp\/v2\/types\/page"}],"author":[{"embeddable":true,"href":"http:\/\/snappyboatcare.com\/sv\/wp-json\/wp\/v2\/users\/1"}],"replies":[{"embeddable":true,"href":"http:\/\/snappyboatcare.com\/sv\/wp-json\/wp\/v2\/comments?post=118"}],"version-history":[{"count":16,"href":"http:\/\/snappyboatcare.com\/sv\/wp-json\/wp\/v2\/pages\/118\/revisions"}],"predecessor-version":[{"id":704,"href":"http:\/\/snappyboatcare.com\/sv\/wp-json\/wp\/v2\/pages\/118\/revisions\/704"}],"up":[{"embeddable":true,"href":"http:\/\/snappyboatcare.com\/sv\/wp-json\/wp\/v2\/pages\/33"}],"wp:attachment":[{"href":"http:\/\/snappyboatcare.com\/sv\/wp-json\/wp\/v2\/media?parent=118"}],"curies":[{"name":"wp","href":"https:\/\/api.w.org\/{rel}","templated":true}]}}