{"id":124,"date":"2012-05-12T18:39:29","date_gmt":"2012-05-12T16:39:29","guid":{"rendered":"http:\/\/test.farrell.se:81\/snappy\/?page_id=124"},"modified":"2023-05-23T15:15:35","modified_gmt":"2023-05-23T13:15:35","slug":"gelcoat-care","status":"publish","type":"page","link":"http:\/\/snappyboatcare.com\/sv\/gelcoat-care\/","title":{"rendered":"Gelcoatv\u00e5rd"},"content":{"rendered":"<p><\/p>\n<p><img decoding=\"async\" loading=\"lazy\" class=\"alignnone size-full wp-image-125\" title=\"Batbilden\" src=\"http:\/\/www.snappyboatcare.com\/wp-content\/uploads\/2012\/05\/Batbilden1.gif\" alt=\"\" width=\"390\" height=\"229\" usemap=\"#batkarta\" \/><\/p>\n<map name=\"batkarta\">\n<area title=\"Snappy Super Spray Cleaner\" shape=\"rect\" coords=\"13,13,118,91\" href=\"?page_id=158&amp;lang=sv\" alt=\"Snappy Super Spray Cleaner\" target=\"_parent\" \/>\n<area title=\"Snappy Hull Cleaner\" shape=\"rect\" coords=\"15,148,165,226\" href=\"?page_id=166&amp;lang=sv\" alt=\"Snappy Hull Cleaner\" target=\"_parent\" \/>\n<area title=\"Snappy Marin Polish with PTEF\" shape=\"rect\" coords=\"251,131,385,218\" href=\"?page_id=176&amp;lang=sv\" alt=\"Snappy Marin Polish with PTEF\" target=\"_parent\" \/>\n<area title=\"Snappy Black Streak Remover\" shape=\"rect\" coords=\"257,12,380,89\" href=\"?page_id=153&amp;lang=sv\" alt=\"Snappy Black Streak Remover\" target=\"_parent\" \/>\n <\/map>\n<p>SNAPPY SUPER SPRAY CLEANER<br \/>Tar bort smuts var som helst, direkt. Spraya p\u00e5, torka av.<br \/><a href=\"?page_id=158&amp;lang=sv\">L\u00e4s mer om Snappy Super Spray Cleaner h\u00e4r >><\/a><\/p>\n<p>SNAPPY HULL CLEANER<br \/>G\u00f6r rent vattenlinjen utan anstr\u00e4ngning b\u00e5de i och utanf\u00f6r vattnet. Tar bort gula missf\u00e4rgningar. Kan \u00e4ven anv\u00e4ndas f\u00f6r att ta bort sv\u00e5ra fl\u00e4ckar.<br \/><a href=\"?page_id=166&amp;lang=sv\">L\u00e4s mer om Snappy Hull Cleaner h\u00e4r >><\/a><\/p>\n<p>SNAPPY BLACK STREAK REMOVER<br \/>Tar bort de fula svarta r\u00e4nder som uppst\u00e5r fr\u00e5n vatten som rinner utan att ta bort vaxet!<br \/><a href=\"?page_id=153&amp;lang=sv\">L\u00e4s mer om Snappy Black Streak Remover h\u00e4r >><\/a><\/p>\n<p>SNAPPY PREMIUM MARINE POLISH MED PTEF<br \/>En polish, en vax och en sealer, p\u00e5 samma g\u00e5ng. H\u00e5ller 4-5 g\u00e5nger l\u00e4ngre \u00e4n vanliga vaxer. L\u00e4mnar en mycket hal yta.<br \/><a href=\"?page_id=176&amp;lang=sv\">L\u00e4s mer om Snappy Premium Marine Polish med PTEF h\u00e4r >><\/a><\/p>\n<p>&nbsp;<\/p>\n<p><strong>VAD G\u00d6R SNAPPYS RENG\u00d6RINGS PRODUKTER SPECIELLA?\u00a0<br \/><\/strong>Snappy&#8217;s reng\u00f6ringsprodukter \u00e4r alla unika p\u00e5 det s\u00e4tt att de arbetar p\u00e5 molekyl\u00e4r niv\u00e5 samtidigt som de fungerar som traditionella tv\u00e5lliknande medel. Alla v\u00e5ra reng\u00f6ringsprodukter kombinerar en kraftfull <span style=\"color: #ff0000;\">komplexbindare<\/span> med <strong>v\u00e5tverkande medel<\/strong> och <strong>tensider<\/strong><\/p>\n<p>Komplexbindare arbetar genom att binda t\u00e4tt till mineraler och vissa metalliska partiklar som \u00e5terfinns i luftf\u00f6roreningar. Trots att det inte \u00e4r v\u00e4lk\u00e4nt s\u00e5 best\u00e5r sot och andra luftf\u00f6roreningar, som g\u00f6r b\u00e5ten smutsig, av b\u00e5de mineraler och metaller. Dessa smutspartiklar \u00e4r elektriskt laddade (joniserade) och binder med partiklar i gelcoaten, som har motsatt laddning. Det \u00e4r d\u00e4rf\u00f6r det \u00e4r s\u00e5 sv\u00e5rt att g\u00f6ra rent smutsiga b\u00e5tar. Smutsen binder sig elektrokemiskt med gelcoaten. Som de flesta upplevt \u00e4r det enda s\u00e4ttet att f\u00e5 bort smutsen att polera bort den. Vanliga reng\u00f6ringsmedel fungerar helt enkelt inte. Snappys komplexbindare, som finns i alla v\u00e5ra reng\u00f6ringsprodukter, bryter den kemiska bindningen mellan smutsen och gelcoaten och binder sig sj\u00e4lv med smutsen, vilket bildar en molekyl\u00e4r sammans\u00e4ttning som \u00e4r l\u00e4tt att ta bort.<\/p>\n<p>F\u00f6r att verkligen kunna penetrera smutsen s\u00e5 att komplexbindaren f\u00e5r arbeta har ett v\u00e5tverkande medel tillsats. Denna kemiska blandning till\u00e5ter feta partiklar att l\u00f6sas i vatten. Slutligen finns tensider, som verkar p\u00e5 ytan, i alla Snappys reng\u00f6ringsmedel.<\/p>\n<p>Smutsen g\u00e5r d\u00e4rmed enkelt att tv\u00e4tta bort fr\u00e5n gelcoaten. Alla Snappys reng\u00f6ringsmedel \u00e4r fria fr\u00e5n skadliga syror och baser och \u00e4r dessutom biologiskt nedbrytbara. Skillnaden mellan Snappy Black Streak Remover, Snappy Super Boat Cleaner och Snappy Hull Cleaner \u00e4r att dessa tre produkter alla inneh\u00e5ller komplexbindare, v\u00e5tverkande medel och tensider i olika proportioner.\u00a0<\/p>\n<p>&nbsp;<\/p>\n<p>&nbsp;<\/p>\n<p>&nbsp;<\/p>\n<\/p>\n<p><\/p>","protected":false},"excerpt":{"rendered":"<p>SNAPPY SUPER SPRAY CLEANERTar bort smuts var som helst, direkt. Spraya p\u00e5, torka av.L\u00e4s mer om Snappy Super Spray Cleaner h\u00e4r >> SNAPPY HULL CLEANERG\u00f6r rent vattenlinjen utan anstr\u00e4ngning b\u00e5de i och utanf\u00f6r vattnet. Tar bort gula missf\u00e4rgningar. Kan \u00e4ven<span class=\"ellipsis\">&hellip;<\/span><\/p>\n<div class=\"read-more\"><a href=\"http:\/\/snappyboatcare.com\/sv\/gelcoat-care\/\">L\u00e4s mer &#8250;<\/a><\/div>\n<p><!-- end of .read-more --><\/p>\n","protected":false},"author":1,"featured_media":0,"parent":0,"menu_order":2,"comment_status":"closed","ping_status":"closed","template":"full-width-page.php","meta":[],"_links":{"self":[{"href":"http:\/\/snappyboatcare.com\/sv\/wp-json\/wp\/v2\/pages\/124"}],"collection":[{"href":"http:\/\/snappyboatcare.com\/sv\/wp-json\/wp\/v2\/pages"}],"about":[{"href":"http:\/\/snappyboatcare.com\/sv\/wp-json\/wp\/v2\/types\/page"}],"author":[{"embeddable":true,"href":"http:\/\/snappyboatcare.com\/sv\/wp-json\/wp\/v2\/users\/1"}],"replies":[{"embeddable":true,"href":"http:\/\/snappyboatcare.com\/sv\/wp-json\/wp\/v2\/comments?post=124"}],"version-history":[{"count":53,"href":"http:\/\/snappyboatcare.com\/sv\/wp-json\/wp\/v2\/pages\/124\/revisions"}],"predecessor-version":[{"id":707,"href":"http:\/\/snappyboatcare.com\/sv\/wp-json\/wp\/v2\/pages\/124\/revisions\/707"}],"wp:attachment":[{"href":"http:\/\/snappyboatcare.com\/sv\/wp-json\/wp\/v2\/media?parent=124"}],"curies":[{"name":"wp","href":"https:\/\/api.w.org\/{rel}","templated":true}]}}