{"id":153,"date":"2012-05-12T19:09:24","date_gmt":"2012-05-12T17:09:24","guid":{"rendered":"http:\/\/test.farrell.se:81\/snappy\/?page_id=153"},"modified":"2023-05-23T15:15:07","modified_gmt":"2023-05-23T13:15:07","slug":"black-streak-remover","status":"publish","type":"page","link":"http:\/\/snappyboatcare.com\/sv\/gelcoat-care\/black-streak-remover\/","title":{"rendered":"Black Streak Remover"},"content":{"rendered":"<p><\/p>\n<p><p><img decoding=\"async\" loading=\"lazy\" src=\"http:\/\/www.snappyboatcare.com\/wp-content\/uploads\/2012\/07\/blackstreakremover.png\" alt=\"\" title=\"blackstreakremover\" width=\"343\" height=\"182\" class=\"alignnone size-full wp-image-425\" \/><\/p>\n<p>Tar bort de svarta str\u00e4ck som uppst\u00e5r efter att smutsigt vatten runnit l\u00e4ngs gelcoaten. Tar ej bort polish och vax!<\/p>\n<\/p>\n<p><\/p>","protected":false},"excerpt":{"rendered":"<p>Tar bort de svarta str\u00e4ck som uppst\u00e5r efter att smutsigt vatten runnit l\u00e4ngs gelcoaten. Tar ej bort polish och vax!<\/p>\n","protected":false},"author":1,"featured_media":0,"parent":124,"menu_order":0,"comment_status":"closed","ping_status":"closed","template":"full-width-page.php","meta":[],"_links":{"self":[{"href":"http:\/\/snappyboatcare.com\/sv\/wp-json\/wp\/v2\/pages\/153"}],"collection":[{"href":"http:\/\/snappyboatcare.com\/sv\/wp-json\/wp\/v2\/pages"}],"about":[{"href":"http:\/\/snappyboatcare.com\/sv\/wp-json\/wp\/v2\/types\/page"}],"author":[{"embeddable":true,"href":"http:\/\/snappyboatcare.com\/sv\/wp-json\/wp\/v2\/users\/1"}],"replies":[{"embeddable":true,"href":"http:\/\/snappyboatcare.com\/sv\/wp-json\/wp\/v2\/comments?post=153"}],"version-history":[{"count":12,"href":"http:\/\/snappyboatcare.com\/sv\/wp-json\/wp\/v2\/pages\/153\/revisions"}],"predecessor-version":[{"id":706,"href":"http:\/\/snappyboatcare.com\/sv\/wp-json\/wp\/v2\/pages\/153\/revisions\/706"}],"up":[{"embeddable":true,"href":"http:\/\/snappyboatcare.com\/sv\/wp-json\/wp\/v2\/pages\/124"}],"wp:attachment":[{"href":"http:\/\/snappyboatcare.com\/sv\/wp-json\/wp\/v2\/media?parent=153"}],"curies":[{"name":"wp","href":"https:\/\/api.w.org\/{rel}","templated":true}]}}