{"id":158,"date":"2012-05-12T19:14:05","date_gmt":"2012-05-12T17:14:05","guid":{"rendered":"http:\/\/test.farrell.se:81\/snappy\/?page_id=158"},"modified":"2013-02-05T12:55:07","modified_gmt":"2013-02-05T10:55:07","slug":"super-boat-cleaner","status":"publish","type":"page","link":"http:\/\/snappyboatcare.com\/sv\/gelcoat-care\/super-boat-cleaner\/","title":{"rendered":"Super Boat Cleaner"},"content":{"rendered":"<p><\/p>\n<p><p><img decoding=\"async\" loading=\"lazy\" class=\"alignnone size-full wp-image-421\" title=\"superboatcleaner\" src=\"wp-content\/uploads\/2012\/07\/superboatcleaner.png\" alt=\"\" width=\"168\" height=\"336\" srcset=\"http:\/\/snappyboatcare.com\/wp-content\/uploads\/2012\/07\/superboatcleaner.png 168w, http:\/\/snappyboatcare.com\/wp-content\/uploads\/2012\/07\/superboatcleaner-150x300.png 150w\" sizes=\"(max-width: 168px) 100vw, 168px\" \/><\/p>\n<p>Snappy Super Boat Cleaner inneh\u00e5ller avancerade tensider och kelater i en proportion som g\u00f6r denna produkt till en idealisk och m\u00e5ngsidig reng\u00f6rare. Molekyl\u00e4r reng\u00f6ring av riktigt tuff smuts. Kan \u00e4ven anv\u00e4ndas som b\u00e5tschampo, utsp\u00e4dd med vatten. Kan med f\u00f6rdel anv\u00e4ndas \u00f6verallt, \u00e4ven i hemmet.<\/p>\n<p>&nbsp;<\/p>\n<\/p>\n<p><\/p>","protected":false},"excerpt":{"rendered":"<p>Snappy Super Boat Cleaner inneh\u00e5ller avancerade tensider och kelater i en proportion som g\u00f6r denna produkt till en idealisk och m\u00e5ngsidig reng\u00f6rare. Molekyl\u00e4r reng\u00f6ring av riktigt tuff smuts. Kan \u00e4ven anv\u00e4ndas som b\u00e5tschampo, utsp\u00e4dd med vatten. Kan med f\u00f6rdel anv\u00e4ndas<span class=\"ellipsis\">&hellip;<\/span><\/p>\n<div class=\"read-more\"><a href=\"http:\/\/snappyboatcare.com\/sv\/gelcoat-care\/super-boat-cleaner\/\">L\u00e4s mer &#8250;<\/a><\/div>\n<p><!-- end of .read-more --><\/p>\n","protected":false},"author":1,"featured_media":0,"parent":124,"menu_order":1,"comment_status":"closed","ping_status":"closed","template":"full-width-page.php","meta":[],"_links":{"self":[{"href":"http:\/\/snappyboatcare.com\/sv\/wp-json\/wp\/v2\/pages\/158"}],"collection":[{"href":"http:\/\/snappyboatcare.com\/sv\/wp-json\/wp\/v2\/pages"}],"about":[{"href":"http:\/\/snappyboatcare.com\/sv\/wp-json\/wp\/v2\/types\/page"}],"author":[{"embeddable":true,"href":"http:\/\/snappyboatcare.com\/sv\/wp-json\/wp\/v2\/users\/1"}],"replies":[{"embeddable":true,"href":"http:\/\/snappyboatcare.com\/sv\/wp-json\/wp\/v2\/comments?post=158"}],"version-history":[{"count":10,"href":"http:\/\/snappyboatcare.com\/sv\/wp-json\/wp\/v2\/pages\/158\/revisions"}],"predecessor-version":[{"id":539,"href":"http:\/\/snappyboatcare.com\/sv\/wp-json\/wp\/v2\/pages\/158\/revisions\/539"}],"up":[{"embeddable":true,"href":"http:\/\/snappyboatcare.com\/sv\/wp-json\/wp\/v2\/pages\/124"}],"wp:attachment":[{"href":"http:\/\/snappyboatcare.com\/sv\/wp-json\/wp\/v2\/media?parent=158"}],"curies":[{"name":"wp","href":"https:\/\/api.w.org\/{rel}","templated":true}]}}