{"id":166,"date":"2012-05-12T19:18:19","date_gmt":"2012-05-12T17:18:19","guid":{"rendered":"http:\/\/test.farrell.se:81\/snappy\/?page_id=166"},"modified":"2013-02-05T12:57:10","modified_gmt":"2013-02-05T10:57:10","slug":"hull-cleaner","status":"publish","type":"page","link":"http:\/\/snappyboatcare.com\/sv\/gelcoat-care\/hull-cleaner\/","title":{"rendered":"Hull Cleaner"},"content":{"rendered":"<p><\/p>\n<p><p><img decoding=\"async\" loading=\"lazy\" class=\"alignnone size-full wp-image-167\" title=\"hullcleaner\" src=\"http:\/\/www.snappyboatcare.com\/wp-content\/uploads\/2012\/05\/hullcleaner.jpg\" alt=\"\" width=\"390\" height=\"173\" srcset=\"http:\/\/snappyboatcare.com\/wp-content\/uploads\/2012\/05\/hullcleaner.jpg 390w, http:\/\/snappyboatcare.com\/wp-content\/uploads\/2012\/05\/hullcleaner-300x133.jpg 300w\" sizes=\"(max-width: 390px) 100vw, 390px\" \/><\/p>\n<p>Snappy Hull Cleaner inneh\u00e5ller kraftfulla tensider och komplexbindare tillsammans med sm\u00e5 m\u00e4ngder oxalsyra f\u00f6r smidig reng\u00f6ring av vattenlinjen men kan tryggt anv\u00e4ndas p\u00e5 hela skrovet. Snappy Hull Cleaner avl\u00e4gsnar gula avlagringar p\u00e5 skrovet och \u00e4ven marin tillv\u00e4xt, samt \u00e4r l\u00e4tt att anv\u00e4nda b\u00e5de p\u00e5 land och i vatten<\/p>\n<p>&nbsp;<\/p>\n<\/p>\n<p><\/p>","protected":false},"excerpt":{"rendered":"<p>Snappy Hull Cleaner inneh\u00e5ller kraftfulla tensider och komplexbindare tillsammans med sm\u00e5 m\u00e4ngder oxalsyra f\u00f6r smidig reng\u00f6ring av vattenlinjen men kan tryggt anv\u00e4ndas p\u00e5 hela skrovet. Snappy Hull Cleaner avl\u00e4gsnar gula avlagringar p\u00e5 skrovet och \u00e4ven marin tillv\u00e4xt, samt \u00e4r l\u00e4tt<span class=\"ellipsis\">&hellip;<\/span><\/p>\n<div class=\"read-more\"><a href=\"http:\/\/snappyboatcare.com\/sv\/gelcoat-care\/hull-cleaner\/\">L\u00e4s mer &#8250;<\/a><\/div>\n<p><!-- end of .read-more --><\/p>\n","protected":false},"author":1,"featured_media":0,"parent":124,"menu_order":2,"comment_status":"closed","ping_status":"closed","template":"full-width-page.php","meta":[],"_links":{"self":[{"href":"http:\/\/snappyboatcare.com\/sv\/wp-json\/wp\/v2\/pages\/166"}],"collection":[{"href":"http:\/\/snappyboatcare.com\/sv\/wp-json\/wp\/v2\/pages"}],"about":[{"href":"http:\/\/snappyboatcare.com\/sv\/wp-json\/wp\/v2\/types\/page"}],"author":[{"embeddable":true,"href":"http:\/\/snappyboatcare.com\/sv\/wp-json\/wp\/v2\/users\/1"}],"replies":[{"embeddable":true,"href":"http:\/\/snappyboatcare.com\/sv\/wp-json\/wp\/v2\/comments?post=166"}],"version-history":[{"count":6,"href":"http:\/\/snappyboatcare.com\/sv\/wp-json\/wp\/v2\/pages\/166\/revisions"}],"predecessor-version":[{"id":540,"href":"http:\/\/snappyboatcare.com\/sv\/wp-json\/wp\/v2\/pages\/166\/revisions\/540"}],"up":[{"embeddable":true,"href":"http:\/\/snappyboatcare.com\/sv\/wp-json\/wp\/v2\/pages\/124"}],"wp:attachment":[{"href":"http:\/\/snappyboatcare.com\/sv\/wp-json\/wp\/v2\/media?parent=166"}],"curies":[{"name":"wp","href":"https:\/\/api.w.org\/{rel}","templated":true}]}}