{"id":176,"date":"2012-05-12T20:15:50","date_gmt":"2012-05-12T18:15:50","guid":{"rendered":"http:\/\/test.farrell.se:81\/snappy\/?page_id=176"},"modified":"2013-02-05T13:15:00","modified_gmt":"2013-02-05T11:15:00","slug":"marine-teflon-polish","status":"publish","type":"page","link":"http:\/\/snappyboatcare.com\/sv\/gelcoat-care\/marine-teflon-polish\/","title":{"rendered":"Premium Marine  Polish with PTEF"},"content":{"rendered":"<p><\/p>\n<p><p><a href=\"http:\/\/www.snappyboatcare.com\/wp-content\/uploads\/2012\/05\/polish_ptef1.png\"><img decoding=\"async\" loading=\"lazy\" class=\"alignnone size-full wp-image-490\" title=\"polish_ptef1\" src=\"http:\/\/www.snappyboatcare.com\/wp-content\/uploads\/2012\/05\/polish_ptef1.png\" alt=\"\" width=\"304\" height=\"228\" srcset=\"http:\/\/snappyboatcare.com\/wp-content\/uploads\/2012\/05\/polish_ptef1.png 304w, http:\/\/snappyboatcare.com\/wp-content\/uploads\/2012\/05\/polish_ptef1-300x225.png 300w\" sizes=\"(max-width: 304px) 100vw, 304px\" \/><\/a><\/p>\n<p><strong> SNAPPY PREMIUM MARINE POLISH med PTEF\u00ae<\/strong><br \/>-Det \u00e4r inte ett vax!<\/p>\n<p>Efter reng\u00f6ring av gelcoaten m\u00e5ste den skyddas. Traditionellt har detta betytt att man gnuggar in en vaxblandning f\u00f6r att t\u00e4cka gelcoaten, inte helt olikt att gnugga ett stearinljus mot gelcoaten. Snappy Premium Marine Polish \u00e4r annorlunda. Ist\u00e4llet f\u00f6r ett vax anv\u00e4nder Snappy PTEF\u00ae <br \/>\u00ae REG. TRADEMARK StarBrite<\/p>\n<p>PTEF \u00a0har m\u00e5nga f\u00f6rdelar gentemot traditionella vax. PTEF bildar en h\u00e5rd glatt yta som smuts inte kan f\u00e4sta vid. Smutsen rinner av. Vi kallar denna effekt f\u00f6r &#8221;stekpanneeffekten&#8221;. <br \/> PTEF skyddar ocks\u00e5 upp till 5 g\u00e5nger l\u00e4ngre \u00e4n traditionella vax. Detta l\u00e5ngverkande skydd kommer fr\u00e5n den kemiska bindningskraft som uppst\u00e5r mellan vaxet och gelcoaten.\u00a0<\/p>\n<p>Snappy Polish har \u00e4ven extra UV-skydd f\u00f6r att f\u00f6rhindra nedbrytning, oxidering och andra skadeinverkningar fr\u00e5n milj\u00f6n. Snappy Marine Polish med PTEF \u00e4r dessutom v\u00e4ldigt l\u00e4tt att applicera!<\/p>\n<p>&nbsp;<\/p>\n<p>&nbsp;<\/p>\n<\/p>\n<p><\/p>","protected":false},"excerpt":{"rendered":"<p>SNAPPY PREMIUM MARINE POLISH med PTEF\u00ae-Det \u00e4r inte ett vax! Efter reng\u00f6ring av gelcoaten m\u00e5ste den skyddas. Traditionellt har detta betytt att man gnuggar in en vaxblandning f\u00f6r att t\u00e4cka gelcoaten, inte helt olikt att gnugga ett stearinljus mot gelcoaten.<span class=\"ellipsis\">&hellip;<\/span><\/p>\n<div class=\"read-more\"><a href=\"http:\/\/snappyboatcare.com\/sv\/gelcoat-care\/marine-teflon-polish\/\">L\u00e4s mer &#8250;<\/a><\/div>\n<p><!-- end of .read-more --><\/p>\n","protected":false},"author":1,"featured_media":0,"parent":124,"menu_order":3,"comment_status":"closed","ping_status":"closed","template":"full-width-page.php","meta":[],"_links":{"self":[{"href":"http:\/\/snappyboatcare.com\/sv\/wp-json\/wp\/v2\/pages\/176"}],"collection":[{"href":"http:\/\/snappyboatcare.com\/sv\/wp-json\/wp\/v2\/pages"}],"about":[{"href":"http:\/\/snappyboatcare.com\/sv\/wp-json\/wp\/v2\/types\/page"}],"author":[{"embeddable":true,"href":"http:\/\/snappyboatcare.com\/sv\/wp-json\/wp\/v2\/users\/1"}],"replies":[{"embeddable":true,"href":"http:\/\/snappyboatcare.com\/sv\/wp-json\/wp\/v2\/comments?post=176"}],"version-history":[{"count":18,"href":"http:\/\/snappyboatcare.com\/sv\/wp-json\/wp\/v2\/pages\/176\/revisions"}],"predecessor-version":[{"id":541,"href":"http:\/\/snappyboatcare.com\/sv\/wp-json\/wp\/v2\/pages\/176\/revisions\/541"}],"up":[{"embeddable":true,"href":"http:\/\/snappyboatcare.com\/sv\/wp-json\/wp\/v2\/pages\/124"}],"wp:attachment":[{"href":"http:\/\/snappyboatcare.com\/sv\/wp-json\/wp\/v2\/media?parent=176"}],"curies":[{"name":"wp","href":"https:\/\/api.w.org\/{rel}","templated":true}]}}