{"id":33,"date":"2012-05-05T16:29:29","date_gmt":"2012-05-05T14:29:29","guid":{"rendered":"http:\/\/test.farrell.se:81\/snappy\/?page_id=33"},"modified":"2023-05-23T15:13:02","modified_gmt":"2023-05-23T13:13:02","slug":"snappy-teak-care","status":"publish","type":"page","link":"http:\/\/snappyboatcare.com\/sv\/snappy-teak-care\/","title":{"rendered":"Snappy teakv\u00e5rd"},"content":{"rendered":"<p><\/p>\n<p>Snappy teakv\u00e5rd erbjuder en bred samling teakv\u00e5rdsprodukter.\u00a0<br \/>V\u00e5ra produkter \u00e4r av den yppersta kvaliteten och kommer sl\u00e5 dig med h\u00e4pnad med resultaten. Restaurera ditt teakd\u00e4ck med Snappy Teak Nu och bevara det nya utseendet med Snappy Sealer eller Snappy Premium Teak Oil &#8211; Produkter som har vunnit tester i b\u00e5ttidningar \u00f6ver hela Skandinavien. <a href=\"http:\/\/www.snappyboatcare.com\/?page_id=345&amp;lang=sv\">L\u00e4s recensioner h\u00e4r >><\/a><\/p>\n<p>&nbsp;<\/p>\n<div><span style=\"padding-left: 20px;\"><img decoding=\"async\" loading=\"lazy\" class=\"alignnone  wp-image-256\" title=\"teaknu\" src=\"http:\/\/www.snappyboatcare.com\/wp-content\/uploads\/2012\/06\/teaknu-300x278.png\" alt=\"Snappy Teak-Nu\" width=\"210\" height=\"195\" srcset=\"http:\/\/snappyboatcare.com\/wp-content\/uploads\/2012\/06\/teaknu-300x278.png 300w, http:\/\/snappyboatcare.com\/wp-content\/uploads\/2012\/06\/teaknu.png 335w\" sizes=\"(max-width: 210px) 100vw, 210px\" \/><\/span><span style=\"position: absolute; left: 470px;\"><img decoding=\"async\" loading=\"lazy\" class=\" alignnone  wp-image-258\" title=\"sealer\" src=\"http:\/\/www.snappyboatcare.com\/wp-content\/uploads\/2012\/06\/sealer.png\" alt=\"Snappy Sealer\" width=\"143\" height=\"174\" \/><\/span><\/div>\n<div><span style=\"padding-left: 20px;\"><a href=\"?page_id=49&amp;lang=sv\">Snappy Teak-Nu &#8211; <\/a><\/span><span style=\"position: absolute; left: 470px;\"><a href=\"?page_id=82&amp;lang=sv\">Snappy Sealer &#8211; <\/a><\/span><\/div>\n<div><span style=\"padding-left: 20px;\"><a href=\"?page_id=49&amp;lang=sv\">Ger din teak ett nyslipat utseende >><\/a><\/span><span style=\"position: absolute; left: 470px;\"><a href=\"?page_id=82&amp;lang=sv\">En polymerbaserad sealer med UV-skydd >><\/a><\/span><\/div>\n<p>&nbsp;<\/p>\n<div><span style=\"padding-left: 20px;\"><img decoding=\"async\" loading=\"lazy\" class=\"wp-image-261 alignnone\" title=\"teakoil\" src=\"http:\/\/www.snappyboatcare.com\/wp-content\/uploads\/2012\/06\/teakoil.png\" alt=\"Snappy Teak Oil\" width=\"83\" height=\"157\" \/><\/span><span style=\"position: absolute; left: 470px;\"><img decoding=\"async\" loading=\"lazy\" class=\"size-thumbnail wp-image-260 alignnone\" title=\"gelteakcleaner\" src=\"http:\/\/www.snappyboatcare.com\/wp-content\/uploads\/2012\/06\/gelteakcleaner-94x150.png\" alt=\"Snappy Gel Teak Cleaner\" width=\"94\" height=\"150\" \/><\/span><\/div>\n<div><span style=\"padding-left: 20px;\"><a href=\"?page_id=118&#038;lang=sv\">Snappy Teak Oil &#8211; Premium teakolja >><\/a><\/span><span style=\"position: absolute; left: 470px;\"><a href=\"?page_id=100&#038;lang=sv\">Snappy Gel Teak Cleaner &#8211; F\u00f6r reng\u00f6ring av teak behandlad med Snappy Sealer >><\/a><\/span><\/div>\n<div><span style=\"padding-left: 20px;\"><img decoding=\"async\" loading=\"lazy\" class=\"wp-image-109 alignnone\" title=\"aluprotect\" src=\"http:\/\/www.snappyboatcare.com\/wp-content\/uploads\/2012\/05\/aluprotect.jpg\" alt=\"\" width=\"234\" height=\"112\" srcset=\"http:\/\/snappyboatcare.com\/wp-content\/uploads\/2012\/05\/aluprotect.jpg 390w, http:\/\/snappyboatcare.com\/wp-content\/uploads\/2012\/05\/aluprotect-300x143.jpg 300w\" sizes=\"(max-width: 234px) 100vw, 234px\" \/><\/span><br \/> <span style=\"padding-left: 20px;\"><a href=\"?page_id=110&#038;lang=sv\">Snappy Alu Protect >><\/a><\/span><\/div>\n<\/p>\n<p><\/p>","protected":false},"excerpt":{"rendered":"<p>Snappy teakv\u00e5rd erbjuder en bred samling teakv\u00e5rdsprodukter.\u00a0V\u00e5ra produkter \u00e4r av den yppersta kvaliteten och kommer sl\u00e5 dig med h\u00e4pnad med resultaten. Restaurera ditt teakd\u00e4ck med Snappy Teak Nu och bevara det nya utseendet med Snappy Sealer eller Snappy Premium Teak<span class=\"ellipsis\">&hellip;<\/span><\/p>\n<div class=\"read-more\"><a href=\"http:\/\/snappyboatcare.com\/sv\/snappy-teak-care\/\">L\u00e4s mer &#8250;<\/a><\/div>\n<p><!-- end of .read-more --><\/p>\n","protected":false},"author":1,"featured_media":0,"parent":0,"menu_order":0,"comment_status":"closed","ping_status":"closed","template":"full-width-page.php","meta":[],"_links":{"self":[{"href":"http:\/\/snappyboatcare.com\/sv\/wp-json\/wp\/v2\/pages\/33"}],"collection":[{"href":"http:\/\/snappyboatcare.com\/sv\/wp-json\/wp\/v2\/pages"}],"about":[{"href":"http:\/\/snappyboatcare.com\/sv\/wp-json\/wp\/v2\/types\/page"}],"author":[{"embeddable":true,"href":"http:\/\/snappyboatcare.com\/sv\/wp-json\/wp\/v2\/users\/1"}],"replies":[{"embeddable":true,"href":"http:\/\/snappyboatcare.com\/sv\/wp-json\/wp\/v2\/comments?post=33"}],"version-history":[{"count":115,"href":"http:\/\/snappyboatcare.com\/sv\/wp-json\/wp\/v2\/pages\/33\/revisions"}],"predecessor-version":[{"id":703,"href":"http:\/\/snappyboatcare.com\/sv\/wp-json\/wp\/v2\/pages\/33\/revisions\/703"}],"wp:attachment":[{"href":"http:\/\/snappyboatcare.com\/sv\/wp-json\/wp\/v2\/media?parent=33"}],"curies":[{"name":"wp","href":"https:\/\/api.w.org\/{rel}","templated":true}]}}