{"id":345,"date":"2012-07-26T11:03:55","date_gmt":"2012-07-26T09:03:55","guid":{"rendered":"http:\/\/test.farrell.se:81\/snappy\/?page_id=345"},"modified":"2012-07-26T11:03:55","modified_gmt":"2012-07-26T09:03:55","slug":"reviews","status":"publish","type":"page","link":"http:\/\/snappyboatcare.com\/sv\/snappy-teak-care\/snappy-teak-nu\/reviews\/","title":{"rendered":"Recensioner"},"content":{"rendered":"<p><\/p>\n<p>Skryter vi n\u00e4r vi p\u00e5st\u00e5r att Snappy Teak Care-produkterna \u00e4r de b\u00e4sta du kan k\u00f6pa? Visst g\u00f6r vi det, men vi har goda sk\u00e4l f\u00f6r det. L\u00e4s vad andra har att s\u00e4ga om Snappy Teak Care&#8230;<\/p>\n<p><a href=\"http:\/\/www.snappyboatcare.com\/wp-content\/uploads\/2012\/07\/batagare.gif\"><img decoding=\"async\" loading=\"lazy\" class=\"alignleft size-full wp-image-347\" title=\"batagare\" src=\"http:\/\/www.snappyboatcare.com\/wp-content\/uploads\/2012\/07\/batagare.gif\" alt=\"\" width=\"159\" height=\"44\" border=\"2\" \/><\/a><strong><span style=\"font-size: medium;\">&#8221;Vi B\u00e5t\u00e4gare&#8221;\u00a0<\/span><\/strong><br \/>Vi B\u00e5t\u00e4gare gjorde ett vetenskapligt test av 4 olika teakbehandlingar. GISSA vilken som vann.<\/p>\n<p>&nbsp;<\/p>\n<p><a href=\"http:\/\/www.snappyboatcare.com\/wp-content\/uploads\/2012\/07\/snappyvann.gif\"><img decoding=\"async\" loading=\"lazy\" class=\"alignleft size-full wp-image-348\" title=\"snappyvann\" src=\"http:\/\/www.snappyboatcare.com\/wp-content\/uploads\/2012\/07\/snappyvann.gif\" alt=\"\" width=\"159\" height=\"99\" border=\"2\" \/><\/a><\/p>\n<p><span style=\"font-size: small;\"><strong><span style=\"font-size: medium;\">HEADLINE:<\/span><\/strong><\/span><br \/>&#8221;Vi har testat 4 teaktv\u00e4ttar. Skillnaden var h\u00e5rfin medlen emellan, men amerikanska Snappy&#8217;s seger var odiskutabel.&#8221;<\/p>\n<p>&nbsp;<\/p>\n<p>&nbsp;<\/p>\n<p><a href=\"http:\/\/www.snappyboatcare.com\/wp-content\/uploads\/2012\/07\/Testtext.gif\"><img decoding=\"async\" loading=\"lazy\" class=\"alignleft size-full wp-image-349\" title=\"Testtext\" src=\"http:\/\/www.snappyboatcare.com\/wp-content\/uploads\/2012\/07\/Testtext.gif\" alt=\"\" width=\"159\" height=\"221\" border=\"2\" \/><\/a><\/p>\n<p><strong><span style=\"font-size: medium;\">&#8221;SNAPPY TEAK &#8211; NU<\/span><\/strong><br \/><strong>MYCKET V\u00c4L GODK\u00c4ND<\/strong><br \/>Den nyaste produkten p\u00e5 &#8221;teakreng\u00f6ringsmarknaden&#8221; \u00e4r amerikanska Snappy Teak-Nu. I likhet med Internationals produkter best\u00e5r Snappy av tre kemikalier f\u00f6r att uppn\u00e5 b\u00e4sta resultat. Tv\u00e5 av dem \u00e4r f\u00f6r reng\u00f6ring och en \u00e4r en sealer. Den (Snappy) \u00e4r lite mer komplicerad att anv\u00e4nda \u00e4n andra teakbehandlingar och kr\u00e4ver lite mer f\u00f6rsiktighet med avseende p\u00e5 st\u00e4nk och spill. Snappy \u00e4r den starkaste av alla de testade produkterna och kr\u00e4ver skyddshandskar. Materialet som beh\u00f6vs \u00e4r tv\u00e5 borstar, en vattenslang och en svamp att stryka ut sealern med.<strong> I v\u00e5rt test gav Snappy det absolut b\u00e4sta resultatet efter reng\u00f6ring och p\u00e5strykning av sealer. D\u00e4cket blev rent och s\u00e5g ut som det var nyslipat.&#8221;<\/strong><\/p>\n<p>&nbsp;<\/p>\n<p>&nbsp;<\/p>\n<p><strong>Praktisk B\u00e5tliv (Norsk b\u00e5ttidning) Nr. 2, 1999<\/strong><br \/> <em>&#8221;Det \u00e4r l\u00e4tt att anv\u00e4nda Snappy Teak-Nu.&#8221;<\/em> [f\u00f6ljt av instruktioner].<br \/> <em>&#8221;Teaken s\u00e5g ut som ny. Efter att teaken torkat s\u00e5g den 20 \u00e5r gamla teaken ut som b\u00e5ten precis kommit fr\u00e5n fabriken. Vi valde att anv\u00e4nda Snappy Sealer, vilket \u00e4r en slags porfyllare. Sealern f\u00f6hindrar vatten och smuts att komma in i teakens porer, vilket \u00e4r det som g\u00f6r att teaken m\u00f6rknar och spricker. Vi borstade p\u00e5 sealer och l\u00e4t det torka \u00f6ver natten. Efter hela s\u00e4songen s\u00e5g tr\u00e4et fortfarande fr\u00e4scht ut. Sv\u00e5righeten att anv\u00e4nda teakreng\u00f6ringsmedlet var minimal. Hela processen tog en timme. Vi kommer aldrig slipa v\u00e5rt teakd\u00e4ck igen. Detta var mycket enklare.&#8221; <\/em> <br \/> Resten av artikeln behandlade hur man anv\u00e4nder Snappy Teak-Nu och n\u00e5gra tips.<\/p>\n<p><strong>Vi B\u00e5t\u00e4gare Nr. 6, 1997<\/strong><br \/>Test av alla teakreng\u00f6ringsmedel och sealers p\u00e5 den svenska marknaden.<br \/> Test resultat: <em>&#8221;SNAPPYS SEGER VAR ODISKUTABEL&#8230; I v\u00e5rt test gav Snappy det absolut b\u00e4sta resultatet efter reng\u00f6ring och p\u00e5strykning av sealer. D\u00e4cket blev rent och s\u00e5g ut som det var nyslipat.&#8221;<\/em><\/p>\n<p><strong>B\u00e5dmagasinet (Dansk b\u00e5ttidning) Nr. 4 1999<\/strong><br \/> <em>&#8221;Det amerikanska reng\u00f6ringsmedlet Snappy Teak-nu renoverar din b\u00e5ts utv\u00e4ndiga teak utan anstr\u00e4ngning.&#8221;<br \/>&#8221;Vi blev h\u00e4pnade av hur rent och nytt v\u00e5rt gamla svarta teak blev p\u00e5 bara n\u00e5gra f\u00e5 minuter med hj\u00e4lp av det amerikanska reng\u00f6ringsmedlet Snappy Teak-Nu. F\u00f6rst provade vi kemikalierna p\u00e5 teak som var ljusgr\u00e5tt i gott skick. Normalt skrubbar vi teaken 2 till 3 g\u00e5nger om \u00e5ret med tv\u00e5l och mycket n\u00f6tta armb\u00e5gar. Snappy Teak-Nu framkallade tr\u00e4ets gyllene f\u00e4rg igen. H\u00e4rn\u00e4st provade vi p\u00e5 \u00e4ldre m\u00f6rknad teak som bara tv\u00e4ttats sporadiskt. Teaken f\u00f6rvandlades omedelbart till att se ut som ny igen.&#8221;<\/em><br \/> Artikeln forts\u00e4tter med instruktioner.<\/p>\n<p><strong>Teknik f\u00f6r Alla Nr 6, 1999<\/strong><br \/>Rubrik: <em>&#8221;Om ShipShape Jordlagsfjerner \u00e4r en bra produkt, s\u00e5 \u00e4r det Snappy Teak som l\u00e4mnar dig med ett best\u00e5ende intryck. Som n\u00e4mndes ovan var b\u00e5td\u00e4cket ett praktiskt taget om\u00f6jligt projekt. \u00c5tminstone var det v\u00e5r generella \u00e5sikt. Resultatet! V\u00e5rt m\u00f6gliga f\u00f6rd\u00e4ck -f\u00f6r att uttrycka det milt- blev rent och fick en l\u00e4cker gyllene f\u00e4rg efter att ha f\u00e5tt torka n\u00e5gra timmar, det s\u00e5g helt nyslipat ut &#8211; wow! Nu kom den andra delen av v\u00e5rt test. F\u00f6r att skydda den nyrena ytan har Snappy utveckalt en s\u00e5 kallad &#8221;sealer&#8221;, en olja inneh\u00e5llande polymerer som skyddar mot ultraviolett ljus och andra p\u00e5frestningar. Sealern, som passande kallas Snappy Teak Sealer appliceras med en svampborste. Resultatet \u00e4r enast\u00e5ende, som bilderna visar. Fr\u00e5n att ha varit ett smutsigt m\u00f6gligt d\u00e4ck har b\u00e5ten, likt f\u00e5geln Fenix rest sig ur askan tack vare det &#8221;nya teakd\u00e4cket&#8221;. Snappy Teak \u00e4r faktiskt s\u00e5 bra att alla omkring oss, oss sj\u00e4lva inkluderade, knappt kunde tro v\u00e5ra \u00f6gon..&#8221;<\/em><\/p>\n<p>&nbsp;<\/p>\n<\/p>\n<p><\/p>","protected":false},"excerpt":{"rendered":"<p>Skryter vi n\u00e4r vi p\u00e5st\u00e5r att Snappy Teak Care-produkterna \u00e4r de b\u00e4sta du kan k\u00f6pa? Visst g\u00f6r vi det, men vi har goda sk\u00e4l f\u00f6r det. L\u00e4s vad andra har att s\u00e4ga om Snappy Teak Care&#8230; &#8221;Vi B\u00e5t\u00e4gare&#8221;\u00a0Vi B\u00e5t\u00e4gare gjorde<span class=\"ellipsis\">&hellip;<\/span><\/p>\n<div class=\"read-more\"><a href=\"http:\/\/snappyboatcare.com\/sv\/snappy-teak-care\/snappy-teak-nu\/reviews\/\">L\u00e4s mer &#8250;<\/a><\/div>\n<p><!-- end of .read-more --><\/p>\n","protected":false},"author":1,"featured_media":0,"parent":49,"menu_order":2,"comment_status":"closed","ping_status":"closed","template":"full-width-page.php","meta":[],"_links":{"self":[{"href":"http:\/\/snappyboatcare.com\/sv\/wp-json\/wp\/v2\/pages\/345"}],"collection":[{"href":"http:\/\/snappyboatcare.com\/sv\/wp-json\/wp\/v2\/pages"}],"about":[{"href":"http:\/\/snappyboatcare.com\/sv\/wp-json\/wp\/v2\/types\/page"}],"author":[{"embeddable":true,"href":"http:\/\/snappyboatcare.com\/sv\/wp-json\/wp\/v2\/users\/1"}],"replies":[{"embeddable":true,"href":"http:\/\/snappyboatcare.com\/sv\/wp-json\/wp\/v2\/comments?post=345"}],"version-history":[{"count":29,"href":"http:\/\/snappyboatcare.com\/sv\/wp-json\/wp\/v2\/pages\/345\/revisions"}],"predecessor-version":[{"id":385,"href":"http:\/\/snappyboatcare.com\/sv\/wp-json\/wp\/v2\/pages\/345\/revisions\/385"}],"up":[{"embeddable":true,"href":"http:\/\/snappyboatcare.com\/sv\/wp-json\/wp\/v2\/pages\/49"}],"wp:attachment":[{"href":"http:\/\/snappyboatcare.com\/sv\/wp-json\/wp\/v2\/media?parent=345"}],"curies":[{"name":"wp","href":"https:\/\/api.w.org\/{rel}","templated":true}]}}