{"id":434,"date":"2012-08-19T13:25:02","date_gmt":"2012-08-19T11:25:02","guid":{"rendered":"http:\/\/test.farrell.se:81\/snappy\/?page_id=434"},"modified":"2013-02-05T15:37:23","modified_gmt":"2013-02-05T13:37:23","slug":"starbrite","status":"publish","type":"page","link":"http:\/\/snappyboatcare.com\/sv\/starbrite\/","title":{"rendered":"Starbrite"},"content":{"rendered":"<p><\/p>\n<p>Starbrite produkter &#8211; nu i Skandinavien!<\/p>\n<p>Snappy Europe AB \u00e4r stolta att kunna representera Starbrite i Skandinavien.<br \/>Starbrite \u00e4r v\u00e4rldens st\u00f6rsta tillverkare av kvalitets-b\u00e5tv\u00e5rdsprodukter och anv\u00e4nds i hela v\u00e4rlden av b\u00e5tentusiaster och proffs.\u00a0<\/p>\n<p>Mer information om produktutbudet kommer snart. Tills vidare bes\u00f6k g\u00e4rna <a title=\"Starbrite USA\" href=\"http:\/\/www.starbrite.com\/\" target=\"_blank\">Starbrites hemsida >><\/a><\/p>\n<p><\/p>","protected":false},"excerpt":{"rendered":"<p>Starbrite produkter &#8211; nu i Skandinavien! Snappy Europe AB \u00e4r stolta att kunna representera Starbrite i Skandinavien.Starbrite \u00e4r v\u00e4rldens st\u00f6rsta tillverkare av kvalitets-b\u00e5tv\u00e5rdsprodukter och anv\u00e4nds i hela v\u00e4rlden av b\u00e5tentusiaster och proffs.\u00a0 Mer information om produktutbudet kommer snart. Tills vidare<span class=\"ellipsis\">&hellip;<\/span><\/p>\n<div class=\"read-more\"><a href=\"http:\/\/snappyboatcare.com\/sv\/starbrite\/\">L\u00e4s mer &#8250;<\/a><\/div>\n<p><!-- end of .read-more --><\/p>\n","protected":false},"author":1,"featured_media":0,"parent":0,"menu_order":7,"comment_status":"closed","ping_status":"closed","template":"full-width-page.php","meta":[],"_links":{"self":[{"href":"http:\/\/snappyboatcare.com\/sv\/wp-json\/wp\/v2\/pages\/434"}],"collection":[{"href":"http:\/\/snappyboatcare.com\/sv\/wp-json\/wp\/v2\/pages"}],"about":[{"href":"http:\/\/snappyboatcare.com\/sv\/wp-json\/wp\/v2\/types\/page"}],"author":[{"embeddable":true,"href":"http:\/\/snappyboatcare.com\/sv\/wp-json\/wp\/v2\/users\/1"}],"replies":[{"embeddable":true,"href":"http:\/\/snappyboatcare.com\/sv\/wp-json\/wp\/v2\/comments?post=434"}],"version-history":[{"count":7,"href":"http:\/\/snappyboatcare.com\/sv\/wp-json\/wp\/v2\/pages\/434\/revisions"}],"predecessor-version":[{"id":442,"href":"http:\/\/snappyboatcare.com\/sv\/wp-json\/wp\/v2\/pages\/434\/revisions\/442"}],"wp:attachment":[{"href":"http:\/\/snappyboatcare.com\/sv\/wp-json\/wp\/v2\/media?parent=434"}],"curies":[{"name":"wp","href":"https:\/\/api.w.org\/{rel}","templated":true}]}}