{"id":49,"date":"2012-05-05T19:27:19","date_gmt":"2012-05-05T17:27:19","guid":{"rendered":"http:\/\/test.farrell.se:81\/snappy\/?page_id=49"},"modified":"2013-02-05T12:42:46","modified_gmt":"2013-02-05T10:42:46","slug":"snappy-teak-nu","status":"publish","type":"page","link":"http:\/\/snappyboatcare.com\/sv\/snappy-teak-care\/snappy-teak-nu\/","title":{"rendered":"Snappy Teak-Nu"},"content":{"rendered":"<p><\/p>\n<p><img decoding=\"async\" loading=\"lazy\" src=\"wp-content\/uploads\/2012\/07\/snappy_sittbrunn.png\" alt=\"\" title=\"snappy_sittbrunn\" width=\"736\" height=\"220\" class=\"alignnone size-full wp-image-330\" srcset=\"http:\/\/snappyboatcare.com\/wp-content\/uploads\/2012\/07\/snappy_sittbrunn.png 736w, http:\/\/snappyboatcare.com\/wp-content\/uploads\/2012\/07\/snappy_sittbrunn-300x89.png 300w\" sizes=\"(max-width: 736px) 100vw, 736px\" \/><\/p>\n<p>Snappy Teak-Nu \u00e4r en kraftfull reng\u00f6ringsprodukt som \u00e5terst\u00e4ller smutsad och \u00e5ldrad teak till nyskick.<br \/>\nDet finns ingen anledning att slipa bort teaken eller byta ut den. Din teak kan renoveras till nyskick med Snappy Teak-Nu!<br \/>Teak \u00e4r en v\u00e4rdefull produkt fr\u00e5n regnskogarna. Med r\u00e4tt sk\u00f6tsel beh\u00f6ver teaken aldrig ers\u00e4ttas.<\/p>\n<p>Att restaurera din teak med Snappy Teak-Nu \u00e4r en enkel tv\u00e5stegsprocess som endast tar lite tid i anspr\u00e5k.<br \/> <a href=\"?page_id=68&#038;lang=sv\">L\u00e4s instruktionerna f\u00f6r detaljer >><\/a><\/p>\n<table border=\"1\">\n<tbody>\n<tr>\n<td style=\"width: 200px; background-color: #757575; color: white; font-size: 14px; font-weight: bold;\">Snappy Teak-Nu<\/td>\n<td style=\"width: 200px; background-color: #757575; color: white; font-size: 14px; font-weight: bold;\">Professionell slipning<\/td>\n<\/tr>\n<tr>\n<td style=\"width: 200px;\">Teaken slipas inte ned<\/td>\n<td style=\"width: 200px;\">Teak slipas ned<\/td>\n<\/tr>\n<tr>\n<td style=\"width: 200px;\">N\u00e5tningen f\u00f6rst\u00f6rs inte<\/td>\n<td style=\"width: 200px;\">N\u00e5tningen slipas ner<\/td>\n<\/tr>\n<tr>\n<td style=\"width: 200px;\">G\u00f6r det sj\u00e4lv<\/td>\n<td style=\"width: 200px;\">Kr\u00e4ver professionell yrkesman<\/td>\n<\/tr>\n<tr>\n<td style=\"width: 200px;\">Ekonomiskt<\/td>\n<td style=\"width: 200px;\">Dyrt<\/td>\n<\/tr>\n<\/tbody>\n<\/table>\n<p>&nbsp;<\/p>\n<p>&nbsp;<\/p>\n<\/p>\n<p><\/p>","protected":false},"excerpt":{"rendered":"<p>Snappy Teak-Nu \u00e4r en kraftfull reng\u00f6ringsprodukt som \u00e5terst\u00e4ller smutsad och \u00e5ldrad teak till nyskick. Det finns ingen anledning att slipa bort teaken eller byta ut den. Din teak kan renoveras till nyskick med Snappy Teak-Nu!Teak \u00e4r en v\u00e4rdefull produkt fr\u00e5n<span class=\"ellipsis\">&hellip;<\/span><\/p>\n<div class=\"read-more\"><a href=\"http:\/\/snappyboatcare.com\/sv\/snappy-teak-care\/snappy-teak-nu\/\">L\u00e4s mer &#8250;<\/a><\/div>\n<p><!-- end of .read-more --><\/p>\n","protected":false},"author":1,"featured_media":0,"parent":33,"menu_order":0,"comment_status":"closed","ping_status":"closed","template":"full-width-page.php","meta":[],"_links":{"self":[{"href":"http:\/\/snappyboatcare.com\/sv\/wp-json\/wp\/v2\/pages\/49"}],"collection":[{"href":"http:\/\/snappyboatcare.com\/sv\/wp-json\/wp\/v2\/pages"}],"about":[{"href":"http:\/\/snappyboatcare.com\/sv\/wp-json\/wp\/v2\/types\/page"}],"author":[{"embeddable":true,"href":"http:\/\/snappyboatcare.com\/sv\/wp-json\/wp\/v2\/users\/1"}],"replies":[{"embeddable":true,"href":"http:\/\/snappyboatcare.com\/sv\/wp-json\/wp\/v2\/comments?post=49"}],"version-history":[{"count":22,"href":"http:\/\/snappyboatcare.com\/sv\/wp-json\/wp\/v2\/pages\/49\/revisions"}],"predecessor-version":[{"id":527,"href":"http:\/\/snappyboatcare.com\/sv\/wp-json\/wp\/v2\/pages\/49\/revisions\/527"}],"up":[{"embeddable":true,"href":"http:\/\/snappyboatcare.com\/sv\/wp-json\/wp\/v2\/pages\/33"}],"wp:attachment":[{"href":"http:\/\/snappyboatcare.com\/sv\/wp-json\/wp\/v2\/media?parent=49"}],"curies":[{"name":"wp","href":"https:\/\/api.w.org\/{rel}","templated":true}]}}