{"id":68,"date":"2012-05-12T16:50:33","date_gmt":"2012-05-12T14:50:33","guid":{"rendered":"http:\/\/test.farrell.se:81\/snappy\/?page_id=68"},"modified":"2012-05-12T18:07:23","modified_gmt":"2012-05-12T16:07:23","slug":"instructions-for-use","status":"publish","type":"page","link":"http:\/\/snappyboatcare.com\/sv\/snappy-teak-care\/snappy-teak-nu\/instructions-for-use\/","title":{"rendered":"Anv\u00e4ndarinstruktioner"},"content":{"rendered":"<p><\/p>\n<table border=\"0\">\n<tbody>\n<tr>\n<td><img decoding=\"async\" loading=\"lazy\" src=\"http:\/\/www.snappyboatcare.com\/wp-content\/uploads\/2012\/05\/US1.jpg\" alt=\"\" title=\"US1\" width=\"230\" height=\"144\" class=\"alignnone size-full wp-image-72\" \/><\/td>\n<td><img decoding=\"async\" loading=\"lazy\" src=\"http:\/\/www.snappyboatcare.com\/wp-content\/uploads\/2012\/05\/US2.jpg\" alt=\"\" title=\"US2\" width=\"220\" height=\"141\" class=\"alignnone size-full wp-image-73\" \/><\/td>\n<td><img decoding=\"async\" loading=\"lazy\" src=\"http:\/\/www.snappyboatcare.com\/wp-content\/uploads\/2012\/05\/US3.jpg\" alt=\"\" title=\"US3\" width=\"230\" height=\"144\" class=\"alignnone size-full wp-image-74\" \/><\/td>\n<tr>\n<td><strong>1.<\/strong> F\u00f6rs\u00e4kra dig om att du har allting du beh\u00f6ver innan du b\u00f6rjar. Det \u00e4r viktigt att anv\u00e4nda skyddskl\u00e4der i gummi (t.ex. regnkl\u00e4der) och skyddsglas\u00f6gon. Du kommer ocks\u00e5 beh\u00f6va en vattenslang med munstycke och ett par hinkar f\u00f6r att sp\u00e4da ut SNAPPY TEAK-NU. Om d\u00e4cket \u00e4r i d\u00e5ligt skick kan koncentrerad SNAPPY TEAK-NU anv\u00e4ndas, annars sp\u00e4der man med f\u00f6rdel till 1:1 med vatten. P\u00e5 d\u00e4ck som inte \u00e4r slitna kan man anv\u00e4nda vita &#8221;Scotch Brite&#8221;-dynor ist\u00e4llet f\u00f6r de borstar som medf\u00f6ljer. <\/td>\n<td><strong>2.<\/strong> D\u00e4cket m\u00e5ste vara genombl\u00f6tt innan man applicerar Snappy Teak-Nu. Vatten har emellertid den effekten att den mjuka teaken blir \u00e4nnu mjukare. Mjuk teak \u00e4r l\u00e4tt att skada om man borstar f\u00f6r h\u00e5rt, s\u00e5 var f\u00f6rsiktig! Om SNAPPY No.1 kommer p\u00e5 aluminiumdetaljer ska du omedelbart spraya vatten d\u00e4r, annars kan missf\u00e4rgning uppst\u00e5. Det samma g\u00e4ller f\u00f6r vissa enklare lacker. Att tejpa aluminiumet hj\u00e4lper, men l\u00e4ttast \u00e4r att att anv\u00e4nda SNAPPY Alu-protect. <\/td>\n<td><strong>3.<\/strong> Applicera v\u00e4tska No.1 med hj\u00e4lp av borste No.1 tv\u00e4rs \u00f6ver fibrernas l\u00e4ngdriktning med en kraft motsvarande den du anv\u00e4nder f\u00f6r att tv\u00e4tta h\u00e4nderna. Blanda inte de tv\u00e5 borstarna eftersom de tv\u00e5 v\u00e4tskorna neutraliserar varandra. Om SNAPPY TEAK-NU b\u00f6rjar torka in i d\u00e4cket (soliga dagar), spraya l\u00e4tt vatten \u00f6ver d\u00e4cket. SNAPPY TEAK-NU fungerar endast d\u00e5 det \u00e4r bl\u00f6tt. Bli inte r\u00e4dd n\u00e4r teakd\u00e4cket f\u00e4rgas n\u00e4stan svart. Detta indikerar att SNAPPY TEAK-NU fungerar som det ska. <\/td>\n<\/tr>\n<tr>\n<td><img decoding=\"async\" loading=\"lazy\" src=\"http:\/\/www.snappyboatcare.com\/wp-content\/uploads\/2012\/05\/US1.jpg\" alt=\"\" title=\"US1\" width=\"230\" height=\"144\" class=\"alignnone size-full wp-image-72\" \/><\/td>\n<td><img decoding=\"async\" loading=\"lazy\" src=\"http:\/\/www.snappyboatcare.com\/wp-content\/uploads\/2012\/05\/US3.jpg\" alt=\"\" title=\"US2\" width=\"220\" height=\"141\" class=\"alignnone size-full wp-image-73\" \/><\/td>\n<td><img decoding=\"async\" loading=\"lazy\" src=\"http:\/\/www.snappyboatcare.com\/wp-content\/uploads\/2012\/05\/US2.jpg\" alt=\"\" title=\"US3\" width=\"230\" height=\"144\" class=\"alignnone size-full wp-image-74\" \/><\/td>\n<\/tr>\n<tr>\n<td><strong>4.<\/strong> Du har nu tv\u00e5 alternativ. Om du inte har n\u00e5gra aluminiumdetaljer p\u00e5 b\u00e5ten kan du spola av v\u00e4tska No.1 med vatten. V\u00e4nta dock med att spola av n\u00e5gra minuter s\u00e5 att SNAPPY TEAK-NU f\u00e5r arbeta sig ner i tr\u00e4et. Om du d\u00e4remot har aluminium i arbetsomr\u00e5det b\u00f6r du anv\u00e4nda alternativ 2, vilket \u00e4r att applicera v\u00e4tska No.2 direkt p\u00e5 v\u00e4tska No.1 utan att sk\u00f6lja f\u00f6rst. Detta ger en neutral l\u00f6sning som inte kan p\u00e5verka aluminiumdetaljerna p\u00e5 b\u00e5ten. Denna l\u00f6sning \u00e4r ocks\u00e5 b\u00e4ttre f\u00f6r milj\u00f6n. <\/td>\n<td><strong>5.<\/strong> N\u00e4sta steg \u00e4r att applicera v\u00e4tska No.2. Anv\u00e4nd exakt samma teknik som vid applicerandet av v\u00e4tska No.1. N\u00e4stan omedelbart kommer ditt d\u00e4ck att ljusna i f\u00e4rg. \u00c5terigen ska du v\u00e4nta n\u00e5gra minuter s\u00e5 att v\u00e4tskan f\u00e5r arbeta sig ner djupt i tr\u00e4et. <\/td>\n<td><strong>6.<\/strong> Slutligen, sk\u00f6lj igenom d\u00e4cket ordentligt med vatten. Se till att ingen SNAPPY TEAK-NU finns kvar. Det \u00e4r b\u00e4st att samtidigt sk\u00f6lja av hela b\u00e5ten. Om n\u00e5gon del av d\u00e4cket inte ser perfekt ut, t.ex. om man missat en liten bit, \u00e4r det bara att upprepa proceduren f\u00f6r denna bit. I detta fall, anv\u00e4nd alternativ 2 vilket \u00e4r att inte sk\u00f6lja av mellan appliceringen av de tv\u00e5 v\u00e4tskorna. N\u00e4r d\u00e4cket torkar kommer det inte bli n\u00e5gra skarvar mellan de olika omr\u00e5dena. Efter att d\u00e4cket torkat, behandla det med SNAPPY SEALER, f\u00f6r att bevara det hela s\u00e4songen.  <\/td>\n<\/tr>\n<\/tbody>\n<\/table>\n<p><\/p>","protected":false},"excerpt":{"rendered":"<p>1. F\u00f6rs\u00e4kra dig om att du har allting du beh\u00f6ver innan du b\u00f6rjar. Det \u00e4r viktigt att anv\u00e4nda skyddskl\u00e4der i gummi (t.ex. regnkl\u00e4der) och skyddsglas\u00f6gon. Du kommer ocks\u00e5 beh\u00f6va en vattenslang med munstycke och ett par hinkar f\u00f6r att sp\u00e4da<span class=\"ellipsis\">&hellip;<\/span><\/p>\n<div class=\"read-more\"><a href=\"http:\/\/snappyboatcare.com\/sv\/snappy-teak-care\/snappy-teak-nu\/instructions-for-use\/\">L\u00e4s mer &#8250;<\/a><\/div>\n<p><!-- end of .read-more --><\/p>\n","protected":false},"author":1,"featured_media":0,"parent":49,"menu_order":0,"comment_status":"closed","ping_status":"closed","template":"full-width-page.php","meta":[],"_links":{"self":[{"href":"http:\/\/snappyboatcare.com\/sv\/wp-json\/wp\/v2\/pages\/68"}],"collection":[{"href":"http:\/\/snappyboatcare.com\/sv\/wp-json\/wp\/v2\/pages"}],"about":[{"href":"http:\/\/snappyboatcare.com\/sv\/wp-json\/wp\/v2\/types\/page"}],"author":[{"embeddable":true,"href":"http:\/\/snappyboatcare.com\/sv\/wp-json\/wp\/v2\/users\/1"}],"replies":[{"embeddable":true,"href":"http:\/\/snappyboatcare.com\/sv\/wp-json\/wp\/v2\/comments?post=68"}],"version-history":[{"count":11,"href":"http:\/\/snappyboatcare.com\/sv\/wp-json\/wp\/v2\/pages\/68\/revisions"}],"predecessor-version":[{"id":99,"href":"http:\/\/snappyboatcare.com\/sv\/wp-json\/wp\/v2\/pages\/68\/revisions\/99"}],"up":[{"embeddable":true,"href":"http:\/\/snappyboatcare.com\/sv\/wp-json\/wp\/v2\/pages\/49"}],"wp:attachment":[{"href":"http:\/\/snappyboatcare.com\/sv\/wp-json\/wp\/v2\/media?parent=68"}],"curies":[{"name":"wp","href":"https:\/\/api.w.org\/{rel}","templated":true}]}}