{"id":82,"date":"2012-05-12T17:22:59","date_gmt":"2012-05-12T15:22:59","guid":{"rendered":"http:\/\/test.farrell.se:81\/snappy\/?page_id=82"},"modified":"2013-02-05T12:36:15","modified_gmt":"2013-02-05T10:36:15","slug":"snappy-sealer","status":"publish","type":"page","link":"http:\/\/snappyboatcare.com\/sv\/snappy-teak-care\/snappy-sealer\/","title":{"rendered":"Snappy Sealer"},"content":{"rendered":"<p>\n<\/p>\n<p>\n<img decoding=\"async\" loading=\"lazy\" src=\"wp-content\/uploads\/2012\/07\/decksealer.png\" alt=\"\" title=\"decksealer\" width=\"373\" height=\"190\" class=\"alignnone size-full wp-image-404\" srcset=\"http:\/\/snappyboatcare.com\/wp-content\/uploads\/2012\/07\/decksealer.png 373w, http:\/\/snappyboatcare.com\/wp-content\/uploads\/2012\/07\/decksealer-300x152.png 300w\" sizes=\"(max-width: 373px) 100vw, 373px\" \/><\/p>\n<h3>Ge din teak ett nyslipat utseende<\/h3>\n<p><strong>Snappy Sealer ger din teak en vacker gyllene f\u00e4rg som inte bara skyddar teaken,<br \/> men \u00e4ven h\u00e5ller genom hela b\u00e5ts\u00e4songen.<\/strong><\/p>\n<p>Snappy Sealer \u00e4r mer \u00e4n bara en simpel teakolja, den inneh\u00e5ller avancerade polymerer med den finaste teakoljan som bas. Polymererna bildar ett skyddande lager mot smuts och andra f\u00f6roreningar som annars g\u00e4rna blandar sig med oljor under tidens g\u00e5ng. Detta g\u00f6r att ett behandlat teakd\u00e4ck med Snappy Sealer beh\u00e5ller sin vackra finish och m\u00f6rknar ej med tiden, vilket \u00e4r fallet med rena oljor. Snappy Sealer inneh\u00e5ller ett UV-skydd som inte bara f\u00f6rhindrar sealern fr\u00e5n att brytas ned men ocks\u00e5 skyddar teaken under mot UV-str\u00e5lningens skadliga effekt. <\/p>\n<p>Snappy Sealer \u00e4r l\u00e4tt att anv\u00e4nda; Behandla f\u00f6rst med Snappy Teak-Nu, sprid sedan ut Snappy Sealer l\u00e4ngs med tr\u00e4fibrerna med en svamp. Kr\u00e4ver endast ett lager. Sealern inneh\u00e5ller pigment som ger din teak en varm gyllene f\u00e4rg.<\/p>\n<ul>\n<li>Motverkar att tr\u00e4et blir gr\u00e5tt och v\u00e4derslitet<\/li>\n<li>Behandling en g\u00e5ng om \u00e5ret<\/li>\n<li>Skyddar tr\u00e4et mot fl\u00e4ckar<\/li>\n<li>UV-skydd<\/li>\n<li>L\u00e4tt att applicera<\/li>\n<\/ul>\n<p><\/p>","protected":false},"excerpt":{"rendered":"<p>Ge din teak ett nyslipat utseende Snappy Sealer ger din teak en vacker gyllene f\u00e4rg som inte bara skyddar teaken, men \u00e4ven h\u00e5ller genom hela b\u00e5ts\u00e4songen. Snappy Sealer \u00e4r mer \u00e4n bara en simpel teakolja, den inneh\u00e5ller avancerade polymerer med<span class=\"ellipsis\">&hellip;<\/span><\/p>\n<div class=\"read-more\"><a href=\"http:\/\/snappyboatcare.com\/sv\/snappy-teak-care\/snappy-sealer\/\">L\u00e4s mer &#8250;<\/a><\/div>\n<p><!-- end of .read-more --><\/p>\n","protected":false},"author":1,"featured_media":0,"parent":33,"menu_order":2,"comment_status":"closed","ping_status":"closed","template":"full-width-page.php","meta":[],"_links":{"self":[{"href":"http:\/\/snappyboatcare.com\/sv\/wp-json\/wp\/v2\/pages\/82"}],"collection":[{"href":"http:\/\/snappyboatcare.com\/sv\/wp-json\/wp\/v2\/pages"}],"about":[{"href":"http:\/\/snappyboatcare.com\/sv\/wp-json\/wp\/v2\/types\/page"}],"author":[{"embeddable":true,"href":"http:\/\/snappyboatcare.com\/sv\/wp-json\/wp\/v2\/users\/1"}],"replies":[{"embeddable":true,"href":"http:\/\/snappyboatcare.com\/sv\/wp-json\/wp\/v2\/comments?post=82"}],"version-history":[{"count":29,"href":"http:\/\/snappyboatcare.com\/sv\/wp-json\/wp\/v2\/pages\/82\/revisions"}],"predecessor-version":[{"id":516,"href":"http:\/\/snappyboatcare.com\/sv\/wp-json\/wp\/v2\/pages\/82\/revisions\/516"}],"up":[{"embeddable":true,"href":"http:\/\/snappyboatcare.com\/sv\/wp-json\/wp\/v2\/pages\/33"}],"wp:attachment":[{"href":"http:\/\/snappyboatcare.com\/sv\/wp-json\/wp\/v2\/media?parent=82"}],"curies":[{"name":"wp","href":"https:\/\/api.w.org\/{rel}","templated":true}]}}